{"id":79,"date":"2023-01-09T00:03:05","date_gmt":"2023-01-09T00:03:05","guid":{"rendered":"https:\/\/letsgoproecuador.com\/?page_id=79"},"modified":"2023-01-09T00:16:09","modified_gmt":"2023-01-09T00:16:09","slug":"letsgo","status":"publish","type":"page","link":"https:\/\/letsgoproecuador.com\/?page_id=79","title":{"rendered":"LetsGo"},"content":{"rendered":"<p>&nbsp;<\/p>\n<p><iframe loading=\"lazy\" title=\"PROMO JUAN CARLOS RIVERA, AHORA ES PARTE DE LETSGOPRO, TENDREMOS PROGRAMACI\u00d3N DEPORTIVA LETSGO SPORT\" width=\"640\" height=\"360\" src=\"https:\/\/www.youtube.com\/embed\/Cm0QRJGEZ-c?feature=oembed\" frameborder=\"0\" allow=\"accelerometer; autoplay; clipboard-write; encrypted-media; gyroscope; picture-in-picture; web-share\" referrerpolicy=\"strict-origin-when-cross-origin\" allowfullscreen><\/iframe><\/p>\n<p>\u00a1Bienvenido a LetsGO PRO! El primer medio digital del pa\u00eds.<\/p>\n<p>Nos especializamos en crear contenido creativo que ayude a las marcas a destacarse de la competencia. Nuestro experimentado equipo de escritores y creadores de contenido puede desarrollar contenido que atraer\u00e1 a su p\u00fablico objetivo y lo ayudar\u00e1 a alcanzar sus objetivos de marketing.<\/p>\n<p>Entendemos que el contenido es la clave del \u00e9xito en el mundo digital actual. Nuestro equipo de profesionales trabajar\u00e1 con usted para crear una estrategia de contenido que maximizar\u00e1 su alcance y se asegurar\u00e1 de que su mensaje sea visto por las personas adecuadas. Lo ayudaremos a crear contenido que se adapte a sus necesidades y objetivos espec\u00edficos, ya sea que est\u00e9 buscando impulsar las ventas, establecerse como una autoridad o simplemente crear conciencia de marca.<\/p>\n<p>Creemos en el poder de la colaboraci\u00f3n y siempre buscamos las mejores formas de trabajar con nuestros clientes. Nuestro equipo est\u00e1 comprometido a proporcionar contenido de calidad que ayudar\u00e1 a su empresa a alcanzar sus objetivos. Con a\u00f1os de experiencia combinada, tenemos la experiencia y los recursos para garantizar que su contenido se destaque entre la multitud.<\/p>\n<p>Gracias por considerar a LetsGO PRO para sus necesidades de contenido. \u00a1Esperamos con inter\u00e9s trabajar con usted!<\/p>\n","protected":false},"excerpt":{"rendered":"<p>&nbsp; \u00a1Bienvenido a LetsGO PRO! El primer medio digital del pa\u00eds. Nos especializamos en crear contenido creativo que ayude a las marcas a destacarse de la competencia. Nuestro experimentado equipo de escritores y creadores de contenido puede desarrollar contenido que atraer\u00e1 a su p\u00fablico objetivo y lo ayudar\u00e1 a alcanzar sus objetivos de marketing. Entendemos [&hellip;]<\/p>\n","protected":false},"author":1,"featured_media":0,"parent":0,"menu_order":0,"comment_status":"closed","ping_status":"closed","template":"","meta":{"footnotes":""},"class_list":["post-79","page","type-page","status-publish","hentry"],"_links":{"self":[{"href":"https:\/\/letsgoproecuador.com\/index.php?rest_route=\/wp\/v2\/pages\/79","targetHints":{"allow":["GET"]}}],"collection":[{"href":"https:\/\/letsgoproecuador.com\/index.php?rest_route=\/wp\/v2\/pages"}],"about":[{"href":"https:\/\/letsgoproecuador.com\/index.php?rest_route=\/wp\/v2\/types\/page"}],"author":[{"embeddable":true,"href":"https:\/\/letsgoproecuador.com\/index.php?rest_route=\/wp\/v2\/users\/1"}],"replies":[{"embeddable":true,"href":"https:\/\/letsgoproecuador.com\/index.php?rest_route=%2Fwp%2Fv2%2Fcomments&post=79"}],"version-history":[{"count":3,"href":"https:\/\/letsgoproecuador.com\/index.php?rest_route=\/wp\/v2\/pages\/79\/revisions"}],"predecessor-version":[{"id":89,"href":"https:\/\/letsgoproecuador.com\/index.php?rest_route=\/wp\/v2\/pages\/79\/revisions\/89"}],"wp:attachment":[{"href":"https:\/\/letsgoproecuador.com\/index.php?rest_route=%2Fwp%2Fv2%2Fmedia&parent=79"}],"curies":[{"name":"wp","href":"https:\/\/api.w.org\/{rel}","templated":true}]}}